{"id":387,"date":"2022-02-02T00:04:27","date_gmt":"2022-02-02T00:04:27","guid":{"rendered":"https:\/\/www.colcrea.com\/?page_id=387"},"modified":"2023-12-06T14:07:47","modified_gmt":"2023-12-06T19:07:47","slug":"menciones-legales","status":"publish","type":"page","link":"https:\/\/www.colcrea.com\/es\/menciones-legales\/","title":{"rendered":"Menciones legales"},"content":{"rendered":"\t\t<div data-elementor-type=\"wp-page\" data-elementor-id=\"387\" class=\"elementor elementor-387\">\n\t\t\t\t\t\t<section class=\"elementor-section elementor-top-section elementor-element elementor-element-4e6d01d2 elementor-section-full_width elementor-section-height-full elementor-section-stretched elementor-section-height-default elementor-section-items-middle\" data-id=\"4e6d01d2\" data-element_type=\"section\" data-e-type=\"section\" data-settings=\"{&quot;stretch_section&quot;:&quot;section-stretched&quot;,&quot;background_background&quot;:&quot;classic&quot;}\">\n\t\t\t\t\t\t<div class=\"elementor-container elementor-column-gap-default\">\n\t\t\t\t\t<div class=\"elementor-column elementor-col-100 elementor-top-column elementor-element elementor-element-7cdd5291\" data-id=\"7cdd5291\" data-element_type=\"column\" data-e-type=\"column\">\n\t\t\t<div class=\"elementor-widget-wrap elementor-element-populated\">\n\t\t\t\t\t\t<div class=\"elementor-element elementor-element-191ef7ce elementor-widget elementor-widget-heading\" data-id=\"191ef7ce\" data-element_type=\"widget\" data-e-type=\"widget\" data-widget_type=\"heading.default\">\n\t\t\t\t<div class=\"elementor-widget-container\">\n\t\t\t\t\t<h2 class=\"elementor-heading-title elementor-size-default\">cGV<\/h2>\t\t\t\t<\/div>\n\t\t\t\t<\/div>\n\t\t\t\t<div class=\"elementor-element elementor-element-4a32135 elementor-widget elementor-widget-spacer\" data-id=\"4a32135\" data-element_type=\"widget\" data-e-type=\"widget\" data-widget_type=\"spacer.default\">\n\t\t\t\t<div class=\"elementor-widget-container\">\n\t\t\t\t\t\t\t<div class=\"elementor-spacer\">\n\t\t\t<div class=\"elementor-spacer-inner\"><\/div>\n\t\t<\/div>\n\t\t\t\t\t\t<\/div>\n\t\t\t\t<\/div>\n\t\t\t\t\t<\/div>\n\t\t<\/div>\n\t\t\t\t\t<\/div>\n\t\t<\/section>\n\t\t\t\t<section class=\"elementor-section elementor-top-section elementor-element elementor-element-51efe58b elementor-section-content-top elementor-section-boxed elementor-section-height-default elementor-section-height-default\" data-id=\"51efe58b\" data-element_type=\"section\" data-e-type=\"section\">\n\t\t\t\t\t\t<div class=\"elementor-container elementor-column-gap-default\">\n\t\t\t\t\t<div class=\"elementor-column elementor-col-100 elementor-top-column elementor-element elementor-element-1a421f7\" data-id=\"1a421f7\" data-element_type=\"column\" data-e-type=\"column\">\n\t\t\t<div class=\"elementor-widget-wrap elementor-element-populated\">\n\t\t\t\t\t\t<div class=\"elementor-element elementor-element-a785020 elementor-widget elementor-widget-spacer\" data-id=\"a785020\" data-element_type=\"widget\" data-e-type=\"widget\" data-widget_type=\"spacer.default\">\n\t\t\t\t<div class=\"elementor-widget-container\">\n\t\t\t\t\t\t\t<div class=\"elementor-spacer\">\n\t\t\t<div class=\"elementor-spacer-inner\"><\/div>\n\t\t<\/div>\n\t\t\t\t\t\t<\/div>\n\t\t\t\t<\/div>\n\t\t\t\t<div class=\"elementor-element elementor-element-f8903e9 elementor-widget elementor-widget-text-editor\" data-id=\"f8903e9\" data-element_type=\"widget\" data-e-type=\"widget\" data-widget_type=\"text-editor.default\">\n\t\t\t\t<div class=\"elementor-widget-container\">\n\t\t\t\t\t\t\t\t\t<p>Avisos legales<\/p>\t\t\t\t\t\t\t\t<\/div>\n\t\t\t\t<\/div>\n\t\t\t\t<div class=\"elementor-element elementor-element-3b938d17 elementor-widget elementor-widget-text-editor\" data-id=\"3b938d17\" data-element_type=\"widget\" data-e-type=\"widget\" data-widget_type=\"text-editor.default\">\n\t\t\t\t<div class=\"elementor-widget-container\">\n\t\t\t\t\t\t\t\t\t<p><b>ACCESO<\/b><\/p>\n<p><span style=\"font-weight: 400;\">Esta p\u00e1gina web es una p\u00e1gina de informaci\u00f3n en lengua francesa y espa\u00f1ola que se dirige a todos, beneficiarios de la asociaci\u00f3n o no.&nbsp;<\/span><\/p>\n<p><span style=\"font-weight: 400;\">Las informaciones ofrecidas en la p\u00e1gina web de COLCREA tienen un car\u00e1cter estrictamente informativo y no implican ninguna obligaci\u00f3n jur\u00eddica ni acuerdo contractual, expl\u00edcito o impl\u00edcito, por parte de la asociaci\u00f3n COLCREA que se reserva la facultad de modificar dichas caracter\u00edsticas en todo momento.&nbsp;<\/span><\/p>\n<p><span style=\"font-weight: 400;\">El acceso a la p\u00e1gina web es gratuito. Sin embargo, los gastos de acceso o de utilizaci\u00f3n a la red de telecomunicaci\u00f3n est\u00e1n a cargo del usuario, seg\u00fan las modalidades fijadas por el proveedor de acceso y su operador de telecomunicaciones.&nbsp;<\/span><\/p>\n<p><b>COOKIES<\/b><\/p>\n<p><span style=\"font-weight: 400;\">Las cookies son utilizadas en la p\u00e1gina con el prop\u00f3sito de permitir una mejora constante de la misma y de responder de la mejor manera a las expectativas de sus usuarios.&nbsp;<\/span><\/p>\n<p><span style=\"font-weight: 400;\">Los fines principales de las cookies son:<\/span><\/p>\n<ul>\n<li style=\"font-weight: 400;\" aria-level=\"1\"><span style=\"font-weight: 400;\">Contabilizar los visitantes e identificar la manera en la que \u00e9stos utilizan la p\u00e1gina.&nbsp;<\/span><\/li>\n<li style=\"font-weight: 400;\" aria-level=\"1\"><span style=\"font-weight: 400;\">Contabilizar y diferenciar las visitas<\/span><\/li>\n<li style=\"font-weight: 400;\" aria-level=\"1\"><span style=\"font-weight: 400;\">Adaptar la visualizaci\u00f3n seg\u00fan sus preferencias y las caracter\u00edsticas de su terminal.&nbsp;<\/span><\/li>\n<li style=\"font-weight: 400;\" aria-level=\"1\"><span style=\"font-weight: 400;\">Identificar desde qu\u00e9 p\u00e1gina o motor de b\u00fasqueda lleg\u00f3 usted a nuestra p\u00e1gina.&nbsp;<\/span><\/li>\n<li style=\"font-weight: 400;\" aria-level=\"1\"><span style=\"font-weight: 400;\">Gestionar y seguir sus elecciones en cuanto a las cookies.&nbsp;<\/span><\/li>\n<li style=\"font-weight: 400;\" aria-level=\"1\"><span style=\"font-weight: 400;\">Gestionar las sesiones de usuarios y las funcionalidades de su navegador.&nbsp;<\/span><\/li>\n<li style=\"font-weight: 400;\" aria-level=\"1\"><span style=\"font-weight: 400;\">Realizar las estad\u00edsticas y los an\u00e1lisis de frecuentaci\u00f3n y de utilizaci\u00f3n, de navegaci\u00f3n y de medidas de audiencias de las p\u00e1ginas y de los diferentes espacios en vista, sobre todo de su mejora.&nbsp;<\/span><\/li>\n<\/ul>\n<p><span style=\"font-weight: 400;\">Algunas de estas cookies tienen como finalidad exclusiva permitir o facilitar la comunicaci\u00f3n por v\u00eda electr\u00f3nica. Otras son estrictamente necesarias para la provisi\u00f3n de un servicio de comunicaci\u00f3n en l\u00ednea en funci\u00f3n de su solicitud expresa. Adem\u00e1s, otras de estas cookies son utilizadas con el fin de mejorar la navegaci\u00f3n a trav\u00e9s de un an\u00e1lisis de la navegaci\u00f3n de los internautas.&nbsp;<\/span><\/p>\n<p><b>DATOS PERSONALES<\/b><\/p>\n<p><span style=\"font-weight: 400;\">Las informaciones recogidas en la p\u00e1gina son destinadas a la utilizaci\u00f3n exclusiva de la Asociaci\u00f3n COLCREA. Seg\u00fan la ley \u201cinform\u00e1tica y libertad\u201d n\u00b0 78 17 del 6 de enero de 1978, usted dispone de un derecho de acceso, de modificaci\u00f3n, de rectificaci\u00f3n y de suspensi\u00f3n de los datos que le conciernen (art\u00edculo 34). Usted puede ejercer este derecho dirigiendo un correo electr\u00f3nico a la siguiente direcci\u00f3n de correo: <\/span><a href=\"mailto:colcrea@gmail.com\"><span style=\"font-weight: 400;\">colcrea@gmail.com<\/span><\/a><\/p>\n<p><span style=\"font-weight: 400;\">Al inscribirse como miembro beneficiario de COLCREA, nosotros tratamos sus datos de manera an\u00f3nima y con fines puramente estad\u00edsticos. Estos ser\u00e1n conservados durante dos a\u00f1os y luego tratados seg\u00fan la ley en vigencia. Sus datos personales son confidenciales y no ser\u00e1n comunicados a terceros en ning\u00fan caso.&nbsp;<\/span><\/p>\n<p><span style=\"font-weight: 400;\">El pago en euros le permite acceder a los servicios de la asociaci\u00f3n como miembro beneficiario por la duraci\u00f3n establecida para el curso que usted escoja.&nbsp;<\/span><\/p>\n<p><span style=\"font-weight: 400;\">COLCREA se reserva el derecho de modificar y de actualizar la presente nota legal en cualquier momento y sin preaviso. El usuario est\u00e1 invitado a consultarla regularmente.&nbsp;<\/span><\/p>\n<p><span style=\"font-weight: 400;\">Fecha de la \u00faltima actualizaci\u00f3n: 01\/01\/2022<\/span><\/p>\t\t\t\t\t\t\t\t<\/div>\n\t\t\t\t<\/div>\n\t\t\t\t\t<\/div>\n\t\t<\/div>\n\t\t\t\t\t<\/div>\n\t\t<\/section>\n\t\t\t\t<\/div>\n\t\t","protected":false},"excerpt":{"rendered":"<p>cGV Avisos legales ACCESO Esta p\u00e1gina web es una p\u00e1gina de informaci\u00f3n en lengua francesa y espa\u00f1ola que se dirige a todos, beneficiarios de la asociaci\u00f3n o no.&nbsp; Las informaciones ofrecidas en la p\u00e1gina web de COLCREA tienen un car\u00e1cter estrictamente informativo y no implican ninguna obligaci\u00f3n jur\u00eddica ni acuerdo contractual, expl\u00edcito o impl\u00edcito, por [&hellip;]<\/p>\n","protected":false},"author":1,"featured_media":0,"parent":0,"menu_order":0,"comment_status":"closed","ping_status":"closed","template":"","meta":{"footnotes":""},"class_list":["post-387","page","type-page","status-publish","hentry"],"_links":{"self":[{"href":"https:\/\/www.colcrea.com\/es\/wp-json\/wp\/v2\/pages\/387","targetHints":{"allow":["GET"]}}],"collection":[{"href":"https:\/\/www.colcrea.com\/es\/wp-json\/wp\/v2\/pages"}],"about":[{"href":"https:\/\/www.colcrea.com\/es\/wp-json\/wp\/v2\/types\/page"}],"author":[{"embeddable":true,"href":"https:\/\/www.colcrea.com\/es\/wp-json\/wp\/v2\/users\/1"}],"replies":[{"embeddable":true,"href":"https:\/\/www.colcrea.com\/es\/wp-json\/wp\/v2\/comments?post=387"}],"version-history":[{"count":32,"href":"https:\/\/www.colcrea.com\/es\/wp-json\/wp\/v2\/pages\/387\/revisions"}],"predecessor-version":[{"id":2075,"href":"https:\/\/www.colcrea.com\/es\/wp-json\/wp\/v2\/pages\/387\/revisions\/2075"}],"wp:attachment":[{"href":"https:\/\/www.colcrea.com\/es\/wp-json\/wp\/v2\/media?parent=387"}],"curies":[{"name":"wp","href":"https:\/\/api.w.org\/{rel}","templated":true}]}}